{"id":1090,"date":"2017-02-17T21:39:25","date_gmt":"2017-02-17T20:39:25","guid":{"rendered":"http:\/\/www.mrt-bad-vilbel.de\/en\/?page_id=1090"},"modified":"2017-05-16T10:56:18","modified_gmt":"2017-05-16T08:56:18","slug":"legal-notices","status":"publish","type":"page","link":"https:\/\/www.mrt-bad-vilbel.de\/en\/legal-notices\/","title":{"rendered":"legal notices"},"content":{"rendered":"\n<style type=\"text\/css\" data-created_by=\"avia_inline_auto\" id=\"style-css-av-av_section-facdbf81627216806e1516269d285289\">\n.avia-section.av-av_section-facdbf81627216806e1516269d285289 .av-parallax .av-parallax-inner{\nbackground-repeat:no-repeat;\nbackground-image:url(https:\/\/www.mrt-bad-vilbel.de\/wp-content\/uploads\/2016\/07\/header-test-5.jpg);\nbackground-position:50% 50%;\nbackground-attachment:scroll;\n}\n<\/style>\n<div id='triangel'  class='avia-section av-av_section-facdbf81627216806e1516269d285289 main_color avia-section-huge avia-no-border-styling  avia-builder-el-0  el_before_av_section  avia-builder-el-first  avia-full-stretch av-parallax-section avia-bg-style-parallax container_wrap sidebar_right'  data-section-bg-repeat='stretch'><div class='av-parallax' data-avia-parallax-ratio='0.3' ><div class='av-parallax-inner main_color avia-full-stretch'><\/div><\/div><div class='container av-section-cont-open' ><main  role=\"main\" itemprop=\"mainContentOfPage\"  class='template-page content  av-content-small alpha units'><div class='post-entry post-entry-type-page post-entry-1090'><div class='entry-content-wrapper clearfix'>\n<section  class='av_textblock_section av-av_textblock-0366cc7376be6c9e82a3e9cc8987b64f '   itemscope=\"itemscope\" itemtype=\"https:\/\/schema.org\/CreativeWork\" ><div class='avia_textblock'  itemprop=\"text\" ><h1 style=\"text-align: center;\">Legal Notices<\/h1>\n<\/div><\/section>\n\n<style type=\"text\/css\" data-created_by=\"avia_inline_auto\" id=\"style-css-av-av_hr-09485b32f621832f94c2fa5718860f56\">\n#top .hr.av-av_hr-09485b32f621832f94c2fa5718860f56{\nmargin-top:0px;\nmargin-bottom:65px;\n}\n.hr.av-av_hr-09485b32f621832f94c2fa5718860f56 .hr-inner{\nwidth:80px;\nborder-color:#ffffff;\n}\n<\/style>\n<div  class='hr av-av_hr-09485b32f621832f94c2fa5718860f56 hr-custom  avia-builder-el-2  el_after_av_textblock  avia-builder-el-last  hr-center hr-icon-no'><span class='hr-inner inner-border-av-border-none'><span class=\"hr-inner-style\"><\/span><\/span><\/div>\n\n<\/div><\/div><\/main><!-- close content main element --><\/div><\/div><div id='av_section_2'  class='avia-section av-av_section-a1b40781c840edfd14dbb48365c00cc6 main_color avia-section-large avia-no-border-styling  avia-builder-el-3  el_after_av_section  el_before_av_section  avia-bg-style-parallax container_wrap sidebar_right'  ><div class='container av-section-cont-open' ><div class='template-page content  av-content-small alpha units'><div class='post-entry post-entry-type-page post-entry-1090'><div class='entry-content-wrapper clearfix'>\n\n<style type=\"text\/css\" data-created_by=\"avia_inline_auto\" id=\"style-css-av-av_one_half-6126cab7d8fab8d08143dd2dacdf673c\">\n.flex_column.av-av_one_half-6126cab7d8fab8d08143dd2dacdf673c{\nborder-radius:0px 0px 0px 0px;\npadding:0px 0px 0px 0px;\n}\n<\/style>\n<div  class='flex_column av-av_one_half-6126cab7d8fab8d08143dd2dacdf673c av_one_half  avia-builder-el-4  el_before_av_one_half  avia-builder-el-first  first flex_column_div av-zero-column-padding  '     ><section  class='av_textblock_section av-av_textblock-0366cc7376be6c9e82a3e9cc8987b64f '   itemscope=\"itemscope\" itemtype=\"https:\/\/schema.org\/CreativeWork\" ><div class='avia_textblock'  itemprop=\"text\" ><p><strong>Anbieter \/ Inhaber \/ Verantwortlicher f\u00fcr den Inhalt<\/strong><br \/>\nDr. med. Holger Mahn<br \/>\nFacharzt f\u00fcr Orthop\u00e4die und Unfallchirurgie<br \/>\nSportmedizin, Notfallmedizin, Chirotherapie, R\u00f6ntgendiagnostik Skelett<br \/>\n(verliehen in der Bundesrepublik Deutschland)<\/p>\n<p>MRT Bad Vilbel<br \/>\nFrankfurter Str. 58 (Am Niddaplatz)<br \/>\n61118 Bad Vilbel<\/p>\n<p>Fon: 0 61 01 \u2013 80 36 538<br \/>\nEmail: <a href=\"mailto:info@mrt-bad-vilbel.de\">info@mrt-bad-vilbel.de<\/a><br \/>\nWeb: <a href=\"https:\/\/www.mrt-bad-vilbel.de\/\">www.mrt-bad-vilbel.de<\/a><\/p>\n<\/div><\/section><\/div>\n<style type=\"text\/css\" data-created_by=\"avia_inline_auto\" id=\"style-css-av-av_one_half-0aa7055fe62c3622faec82866afbaeb2\">\n.flex_column.av-av_one_half-0aa7055fe62c3622faec82866afbaeb2{\nborder-radius:0px 0px 0px 0px;\npadding:0px 0px 0px 0px;\n}\n<\/style>\n<div  class='flex_column av-av_one_half-0aa7055fe62c3622faec82866afbaeb2 av_one_half  avia-builder-el-6  el_after_av_one_half  avia-builder-el-last  flex_column_div av-zero-column-padding  '     ><section  class='av_textblock_section av-av_textblock-0366cc7376be6c9e82a3e9cc8987b64f '   itemscope=\"itemscope\" itemtype=\"https:\/\/schema.org\/CreativeWork\" ><div class='avia_textblock'  itemprop=\"text\" ><p><strong>Zust\u00e4ndige Aufsichtsbeh\u00f6rde:<\/strong><br \/>\nKassen\u00e4rztliche Vereinigung Hessen Landesstelle<br \/>\nGeorg-Voigt-Stra\u00dfe 15<br \/>\n60325 Frankfurt\/Main<br \/>\n<a href=\"http:\/\/www.kvhessen.de\" target=\"_blank\" rel=\"noopener noreferrer\">http:\/\/www.kvhessen.de<\/a><\/p>\n<p><strong>Zust\u00e4ndige Kammer:<\/strong><br \/>\nLandes\u00e4rztekammer Hessen<br \/>\nIm Vogelsgesang 3<br \/>\n60488 Frankfurt\/Main<br \/>\n<a href=\"http:\/\/www.laekh.de\" target=\"_blank\" rel=\"noopener noreferrer\">http:\/\/www.laekh.de<\/a><\/p>\n<p><strong>Berufsrechtliche Regelungen:<\/strong><br \/>\nBerufsordnung der Landes\u00e4rztekammer Deutschland<br \/>\nHeilberufegesetz der Bundesrepublik Deutschland<br \/>\nDie Regelungen k\u00f6nnen Sie bei der Landes\u00e4rztekammer Hessen <a href=\"http:\/\/www.laekh.de\" target=\"_blank\" rel=\"noopener noreferrer\">http:\/\/www.laekh.de<\/a> einsehen.<br \/>\nLeitlinien der Deutschen Gesellschaft f\u00fcr Unfallchirurgie<br \/>\nLeitlinien der Berufgenossenschaften<\/p>\n<\/div><\/section><\/div><\/div><\/div><\/div><!-- close content main div --><\/div><\/div><div id='av_section_3'  class='avia-section av-av_section-a1b40781c840edfd14dbb48365c00cc6 main_color avia-section-large avia-no-border-styling  avia-builder-el-8  el_after_av_section  avia-builder-el-last  avia-bg-style-parallax container_wrap sidebar_right'  ><div class='container av-section-cont-open' ><div class='template-page content  av-content-small alpha units'><div class='post-entry post-entry-type-page post-entry-1090'><div class='entry-content-wrapper clearfix'>\n\n<style type=\"text\/css\" data-created_by=\"avia_inline_auto\" id=\"style-css-av-av_one_half-6126cab7d8fab8d08143dd2dacdf673c\">\n.flex_column.av-av_one_half-6126cab7d8fab8d08143dd2dacdf673c{\nborder-radius:0px 0px 0px 0px;\npadding:0px 0px 0px 0px;\n}\n<\/style>\n<div  class='flex_column av-av_one_half-6126cab7d8fab8d08143dd2dacdf673c av_one_half  avia-builder-el-9  el_before_av_one_half  avia-builder-el-first  first flex_column_div av-zero-column-padding  '     ><section  class='av_textblock_section av-av_textblock-0366cc7376be6c9e82a3e9cc8987b64f '   itemscope=\"itemscope\" itemtype=\"https:\/\/schema.org\/CreativeWork\" ><div class='avia_textblock'  itemprop=\"text\" ><p><strong>Geltungsbereich<\/strong><br \/>\nDr. Holger Mahn ist ausschlie\u00dflich f\u00fcr Inhalte verantwortlich, die selbst erstellt, ver\u00f6ffentlicht und verbreitet werden. Die Nutzungsbedingungen gelten f\u00fcr die Inhalte der Website <a href=\"https:\/\/www.mrt-bad-vilbel.de\/\">www.mrt-bad-vilbel.de\/<\/a> sowie aller zu diesen Domains geh\u00f6renden Subdomains.<\/p>\n<p><strong>Haftung f\u00fcr Inhalte<\/strong><br \/>\nDie Inhalte unserer Seiten wurden mit gr\u00f6\u00dfter Sorgfalt erstellt. F\u00fcr die Richtigkeit, Vollst\u00e4ndigkeit und Aktualit\u00e4t der Inhalte k\u00f6nnen wir jedoch keine Gew\u00e4hr \u00fcbernehmen.<br \/>\nAls Diensteanbieter sind wir gem\u00e4\u00df \u00a7 6 Abs.1 MDStV und \u00a7 8 Abs.1 TDG f\u00fcr eigene Inhalte auf diesen Seiten nach den allgemeinen Gesetzen verantwortlich. Diensteanbieter sind jedoch nicht verpflichtet, die von ihnen \u00fcbermittelten oder gespeicherten fremden Informationen zu \u00fcberwachen oder nach Umst\u00e4nden zu forschen, die auf eine rechtswidrige T\u00e4tigkeit hinweisen. Verpflichtungen zur Entfernung oder Sperrung der Nutzung von Informationen nach den allgemeinen Gesetzen bleiben hiervon unber\u00fchrt. Eine diesbez\u00fcgliche Haftung ist jedoch erst ab dem Zeitpunkt der Kenntnis einer konkreten Rechtsverletzung m\u00f6glich. Bei bekannt werden von entsprechenden Rechtsverletzungen werden wir diese Inhalte umgehend entfernen.<\/p>\n<p><strong>Haftung f\u00fcr Links<\/strong><br \/>\nUnser Angebot enth\u00e4lt Links zu externen Webseiten Dritter, auf deren Inhalte wir keinen Einfluss haben. Deshalb k\u00f6nnen wir f\u00fcr diese fremden Inhalte auch keine Gew\u00e4hr \u00fcbernehmen. F\u00fcr die Inhalte der verlinkten Seiten ist stets der jeweilige Anbieter oder Betreiber der Seiten verantwortlich. Die verlinkten Seiten wurden zum Zeitpunkt der Verlinkung auf m\u00f6gliche Rechtsverst\u00f6\u00dfe \u00fcberpr\u00fcft. Rechtswidrige Inhalte waren zum Zeitpunkt der Verlinkung nicht erkennbar. Eine permanente inhaltliche Kontrolle der verlinkten Seiten ist jedoch ohne konkrete Anhaltspunkte einer Rechtsverletzung nicht zumutbar. Bei bekannt werden von Rechtsverletzungen werden wir derartige Links umgehend entfernen.<\/p>\n<p><strong>Urheberrecht<\/strong><br \/>\nDie Betreiber der Seiten sind bem\u00fcht, stets die Urheberrechte anderer zu beachten bzw. auf selbst erstellte sowie lizenzfreie Werke zur\u00fcckzugreifen. Die durch die Seitenbetreiber erstellten Inhalte und Werke auf diesen Seiten unterliegen dem deutschen Urheberrecht. Beitr\u00e4ge Dritter sind als solche gekennzeichnet. Die Vervielf\u00e4ltigung, Bearbeitung, Verbreitung und jede Art der Verwertung au\u00dferhalb der Grenzen des Urheberrechtes bed\u00fcrfen der schriftlichen Zustimmung des jeweiligen Autors bzw. Erstellers. Downloads und Kopien dieser Seite sind nur f\u00fcr den privaten, nicht kommerziellen Gebrauch gestattet.<\/p>\n<p><strong>Datenschutz<\/strong><br \/>\nDen Schutz Ihrer pers\u00f6nlichen Daten nehmen wir ernst, auch anl\u00e4sslich Ihres Besuches auf unserer Homepage. Ihre Daten werden so gesch\u00fctzt, wie es die gesetzlichen Vorschriften vorsehen.<\/p>\n<p><strong>Webdesign &amp; Development \/ Contentpflege &amp; CMS-Betreuung:<\/strong><br \/>\n<a href=\"http:\/\/hahnsinn.de\" target=\"_blank\" rel=\"noopener noreferrer\">hahnsinn \u2013 B\u00fcro f\u00fcr Design in Frankfurt a.M.<\/a> \/ Claudie Mahn<\/p>\n<\/div><\/section><\/div>\n<style type=\"text\/css\" data-created_by=\"avia_inline_auto\" id=\"style-css-av-av_one_half-0aa7055fe62c3622faec82866afbaeb2\">\n.flex_column.av-av_one_half-0aa7055fe62c3622faec82866afbaeb2{\nborder-radius:0px 0px 0px 0px;\npadding:0px 0px 0px 0px;\n}\n<\/style>\n<div  class='flex_column av-av_one_half-0aa7055fe62c3622faec82866afbaeb2 av_one_half  avia-builder-el-11  el_after_av_one_half  avia-builder-el-last  flex_column_div av-zero-column-padding  '     ><section  class='av_textblock_section av-av_textblock-0366cc7376be6c9e82a3e9cc8987b64f '   itemscope=\"itemscope\" itemtype=\"https:\/\/schema.org\/CreativeWork\" ><div class='avia_textblock'  itemprop=\"text\" ><p>Nachfolgend finden Sie Informationen, welche Daten w\u00e4hrend Ihres Besuches auf der Homepage erfasst und wie diese genutzt werden:<\/p>\n<p><strong>Gespeicherte Daten<\/strong><br \/>\nUnvermeidlich ist, dass in den Serverstatistiken automatisch solche Daten gespeichert werden, die Ihr Browser uns \u00fcbermittelt. Dies sind Browsertypen und Browserversionen, das verwendete Betriebssystem, die Referrer URL (die zuvor besuchte Seite), der Hostname des zugreifenden Rechners (IP Adresse) sowie die Uhrzeit der Serveranfrage. Diese Speicherung dient lediglich internen systembezogenen und statistischen Zwecken.<br \/>\nWeitergehende personenbezogenen Daten werden nur erfasst, wenn Sie diese Angaben freiwillig, etwa im Rahmen einer Anfrage und der Registrierung, machen.<br \/>\nDie oben genannten Daten sind f\u00fcr uns in der Regel nicht bestimmten Personen zuordenbar, eine Zusammenf\u00fchrung dieser Daten mit anderen Datenquellen wird nicht vorgenommen.<br \/>\nSoweit auf unseren Seiten personenbezogene Daten (beispielsweise Name, Anschrift oder eMail-Adressen) erhoben werden, erfolgt dies soweit m\u00f6glich stets auf freiwilliger Basis. Die Nutzung der Angebote und Dienste ist, soweit m\u00f6glich, stets ohne Angabe personenbezogener Daten m\u00f6glich. Der Nutzung von im Rahmen der Impressumspflicht ver\u00f6ffentlichten Kontaktdaten durch Dritte zur \u00dcbersendung von nicht ausdr\u00fccklich angeforderter Werbung und Informationsmaterialien wird hiermit ausdr\u00fccklich widersprochen. Die Betreiber der Seiten behalten sich ausdr\u00fccklich rechtliche Schritte im Falle der unverlangten Zusendung von Werbeinformationen, etwa durch Spam-Mails, vor.<br \/>\nQuelle: <a href=\"http:\/\/www.e-recht24.de\/muster-disclaimer.htm\" target=\"_blank\" rel=\"noopener noreferrer\">http:\/\/www.e-recht24.de\/muster-disclaimer.htm<\/a><\/p>\n<p><strong>Statistische Auswertungen<\/strong><br \/>\nDiese Website benutzt Google Analytics, einen Webanalysedienst der Google Inc. (\u201eGoogle\u201c). Google Analytics verwendet sog. \u201eCookies\u201c, Textdateien, die auf Ihrem Computer gespeichert werden und die eine Analyse der Benutzung der Website durch Sie erm\u00f6glichen. Die durch den Cookie erzeugten Informationen \u00fcber Ihre Benutzung dieser Website werden in der Regel an einen Server von Google in den USA \u00fcbertragen und dort gespeichert. Im Falle der Aktivierung der IP-Anonymisierung auf dieser Webseite, wird Ihre IP-Adresse von Google jedoch innerhalb von Mitgliedstaaten der Europ\u00e4ischen Union oder in anderen Vertragsstaaten des Abkommens \u00fcber den Europ\u00e4ischen Wirtschaftsraum zuvor gek\u00fcrzt. Nur in Ausnahmef\u00e4llen wird die volle IP-Adresse an einen Server von Google in den USA \u00fcbertragen und dort gek\u00fcrzt. Im Auftrag des Betreibers dieser Website wird Google diese Informationen benutzen, um Ihre Nutzung der Website auszuwerten, um Reports \u00fcber die Websiteaktivit\u00e4ten zusammenzustellen und um weitere mit der Websitenutzung und der Internetnutzung verbundene Dienstleistungen gegen\u00fcber dem Websitebetreiber zu erbringen. Die im Rahmen von Google Analytics von Ihrem Browser \u00fcbermittelte IP-Adresse wird nicht mit anderen Daten von Google zusammengef\u00fchrt. Sie k\u00f6nnen die Speicherung der Cookies durch eine entsprechende Einstellung Ihrer Browser-Software verhindern; wir weisen Sie jedoch darauf hin, dass Sie in diesem Fall gegebenenfalls nicht s\u00e4mtliche Funktionen dieser Website vollumf\u00e4nglich werden nutzen k\u00f6nnen. Sie k\u00f6nnen dar\u00fcber hinaus die Erfassung der durch das Cookie erzeugten und auf Ihre Nutzung der Website bezogenen Daten (inkl. Ihrer IP-Adresse) an Google sowie die Verarbeitung dieser Daten durch Google verhindern, indem sie das unter dem folgenden Link (<a href=\"http:\/\/tools.google.com\/dlpage\/gaoptout?hl=de\" target=\"_blank\" rel=\"noopener noreferrer\">http:\/\/tools.google.com\/dlpage\/gaoptout?hl=de<\/a>) verf\u00fcgbare Browser-Plugin herunterladen und installieren.<\/p>\n<p>N\u00e4here Informationen hierzu finden Sie unter <a href=\"http:\/\/tools.google.com\/dlpage\/gaoptout?hl=de\" target=\"_blank\" rel=\"noopener noreferrer\">http:\/\/tools.google.com\/dlpage\/gaoptout?hl=de<\/a> bzw. unter <a href=\"http:\/\/www.google.com\/intl\/de\/analytics\/privacyoverview.html\" target=\"_blank\" rel=\"noopener noreferrer\">http:\/\/www.google.com\/intl\/de\/analytics\/privacyoverview.html<\/a> (allgemeine Informationen zu Google Analytics und Datenschutz). Wir weisen Sie darauf hin, dass auf dieser Webseite Google Analytics um den Code \u201egat._anonymizeIp();\u201c erweitert wurde, um eine anonymisierte Erfassung von IP-Adressen (sog. IP-Masking) zu gew\u00e4hrleisten.<\/p>\n<p><strong>Haftungshinweis<\/strong><br \/>\nTrotz sorgf\u00e4ltiger inhaltlicher Kontrolle, \u00fcbernehmen wir keine Haftung f\u00fcr die Inhalte externer Links. F\u00fcr den Inhalt der verlinkten Seiten sind ausschlie\u00dflich deren Betreiber verantwortlich.<\/p>\n<p><strong>Warenzeichen<\/strong><br \/>\nDie auf dieser Seite verwendeten Produktnamen dienen nur der Identifikation. Alle Warenzeichen und eingetragenen Warenzeichen sind Eigentum der jeweiligen Inhaber.<\/p>\n<\/div><\/section><\/div>\n<\/div><\/div><\/div><!-- close content main div --><\/div><\/div><div id='after_section_3'  class='main_color av_default_container_wrap container_wrap sidebar_right'  ><div class='container av-section-cont-open' ><div class='template-page content  av-content-small alpha units'><div class='post-entry post-entry-type-page post-entry-1090'><div class='entry-content-wrapper clearfix'><\/p>\n","protected":false},"excerpt":{"rendered":"","protected":false},"author":1,"featured_media":0,"parent":0,"menu_order":0,"comment_status":"closed","ping_status":"closed","template":"","meta":{"footnotes":""},"class_list":["post-1090","page","type-page","status-publish","hentry"],"yoast_head":"<!-- This site is optimized with the Yoast SEO plugin v26.6 - https:\/\/yoast.com\/wordpress\/plugins\/seo\/ -->\n<title>legal notices - MRT Bad VIlbel<\/title>\n<meta name=\"description\" content=\"Ihre private MRT-Praxis in Bad Vilbel bei Frankfurt: Offen, modern, leise, exclusiv, hauseigenes gro\u00dfz\u00fcgiges Parkhaus.\" \/>\n<meta name=\"robots\" content=\"index, follow, max-snippet:-1, max-image-preview:large, max-video-preview:-1\" \/>\n<link rel=\"canonical\" href=\"https:\/\/www.mrt-bad-vilbel.de\/en\/legal-notices\/\" \/>\n<meta property=\"og:locale\" content=\"en_US\" \/>\n<meta property=\"og:type\" content=\"article\" \/>\n<meta property=\"og:title\" content=\"legal notices - MRT Bad VIlbel\" \/>\n<meta property=\"og:description\" content=\"Ihre private MRT-Praxis in Bad Vilbel bei Frankfurt: Offen, modern, leise, exclusiv, hauseigenes gro\u00dfz\u00fcgiges Parkhaus.\" \/>\n<meta property=\"og:url\" content=\"https:\/\/www.mrt-bad-vilbel.de\/en\/legal-notices\/\" \/>\n<meta property=\"og:site_name\" content=\"MRT Bad VIlbel\" \/>\n<meta property=\"article:modified_time\" content=\"2017-05-16T08:56:18+00:00\" \/>\n<meta name=\"twitter:card\" content=\"summary_large_image\" \/>\n<meta name=\"twitter:label1\" content=\"Est. reading time\" \/>\n\t<meta name=\"twitter:data1\" content=\"8 minutes\" \/>\n<script type=\"application\/ld+json\" class=\"yoast-schema-graph\">{\"@context\":\"https:\/\/schema.org\",\"@graph\":[{\"@type\":\"WebPage\",\"@id\":\"https:\/\/www.mrt-bad-vilbel.de\/en\/legal-notices\/\",\"url\":\"https:\/\/www.mrt-bad-vilbel.de\/en\/legal-notices\/\",\"name\":\"legal notices - MRT Bad VIlbel\",\"isPartOf\":{\"@id\":\"https:\/\/www.mrt-bad-vilbel.de\/en\/#website\"},\"datePublished\":\"2017-02-17T20:39:25+00:00\",\"dateModified\":\"2017-05-16T08:56:18+00:00\",\"description\":\"Ihre private MRT-Praxis in Bad Vilbel bei Frankfurt: Offen, modern, leise, exclusiv, hauseigenes gro\u00dfz\u00fcgiges Parkhaus.\",\"breadcrumb\":{\"@id\":\"https:\/\/www.mrt-bad-vilbel.de\/en\/legal-notices\/#breadcrumb\"},\"inLanguage\":\"en-US\",\"potentialAction\":[{\"@type\":\"ReadAction\",\"target\":[\"https:\/\/www.mrt-bad-vilbel.de\/en\/legal-notices\/\"]}]},{\"@type\":\"BreadcrumbList\",\"@id\":\"https:\/\/www.mrt-bad-vilbel.de\/en\/legal-notices\/#breadcrumb\",\"itemListElement\":[{\"@type\":\"ListItem\",\"position\":1,\"name\":\"Startseite\",\"item\":\"https:\/\/www.mrt-bad-vilbel.de\/en\/\"},{\"@type\":\"ListItem\",\"position\":2,\"name\":\"legal notices\"}]},{\"@type\":\"WebSite\",\"@id\":\"https:\/\/www.mrt-bad-vilbel.de\/en\/#website\",\"url\":\"https:\/\/www.mrt-bad-vilbel.de\/en\/\",\"name\":\"MRT Bad VIlbel\",\"description\":\"Ihr offenes MRT in Bad Vilbel\",\"potentialAction\":[{\"@type\":\"SearchAction\",\"target\":{\"@type\":\"EntryPoint\",\"urlTemplate\":\"https:\/\/www.mrt-bad-vilbel.de\/en\/?s={search_term_string}\"},\"query-input\":{\"@type\":\"PropertyValueSpecification\",\"valueRequired\":true,\"valueName\":\"search_term_string\"}}],\"inLanguage\":\"en-US\"}]}<\/script>\n<!-- \/ Yoast SEO plugin. -->","yoast_head_json":{"title":"legal notices - MRT Bad VIlbel","description":"Ihre private MRT-Praxis in Bad Vilbel bei Frankfurt: Offen, modern, leise, exclusiv, hauseigenes gro\u00dfz\u00fcgiges Parkhaus.","robots":{"index":"index","follow":"follow","max-snippet":"max-snippet:-1","max-image-preview":"max-image-preview:large","max-video-preview":"max-video-preview:-1"},"canonical":"https:\/\/www.mrt-bad-vilbel.de\/en\/legal-notices\/","og_locale":"en_US","og_type":"article","og_title":"legal notices - MRT Bad VIlbel","og_description":"Ihre private MRT-Praxis in Bad Vilbel bei Frankfurt: Offen, modern, leise, exclusiv, hauseigenes gro\u00dfz\u00fcgiges Parkhaus.","og_url":"https:\/\/www.mrt-bad-vilbel.de\/en\/legal-notices\/","og_site_name":"MRT Bad VIlbel","article_modified_time":"2017-05-16T08:56:18+00:00","twitter_card":"summary_large_image","twitter_misc":{"Est. reading time":"8 minutes"},"schema":{"@context":"https:\/\/schema.org","@graph":[{"@type":"WebPage","@id":"https:\/\/www.mrt-bad-vilbel.de\/en\/legal-notices\/","url":"https:\/\/www.mrt-bad-vilbel.de\/en\/legal-notices\/","name":"legal notices - MRT Bad VIlbel","isPartOf":{"@id":"https:\/\/www.mrt-bad-vilbel.de\/en\/#website"},"datePublished":"2017-02-17T20:39:25+00:00","dateModified":"2017-05-16T08:56:18+00:00","description":"Ihre private MRT-Praxis in Bad Vilbel bei Frankfurt: Offen, modern, leise, exclusiv, hauseigenes gro\u00dfz\u00fcgiges Parkhaus.","breadcrumb":{"@id":"https:\/\/www.mrt-bad-vilbel.de\/en\/legal-notices\/#breadcrumb"},"inLanguage":"en-US","potentialAction":[{"@type":"ReadAction","target":["https:\/\/www.mrt-bad-vilbel.de\/en\/legal-notices\/"]}]},{"@type":"BreadcrumbList","@id":"https:\/\/www.mrt-bad-vilbel.de\/en\/legal-notices\/#breadcrumb","itemListElement":[{"@type":"ListItem","position":1,"name":"Startseite","item":"https:\/\/www.mrt-bad-vilbel.de\/en\/"},{"@type":"ListItem","position":2,"name":"legal notices"}]},{"@type":"WebSite","@id":"https:\/\/www.mrt-bad-vilbel.de\/en\/#website","url":"https:\/\/www.mrt-bad-vilbel.de\/en\/","name":"MRT Bad VIlbel","description":"Ihr offenes MRT in Bad Vilbel","potentialAction":[{"@type":"SearchAction","target":{"@type":"EntryPoint","urlTemplate":"https:\/\/www.mrt-bad-vilbel.de\/en\/?s={search_term_string}"},"query-input":{"@type":"PropertyValueSpecification","valueRequired":true,"valueName":"search_term_string"}}],"inLanguage":"en-US"}]}},"_links":{"self":[{"href":"https:\/\/www.mrt-bad-vilbel.de\/en\/wp-json\/wp\/v2\/pages\/1090","targetHints":{"allow":["GET"]}}],"collection":[{"href":"https:\/\/www.mrt-bad-vilbel.de\/en\/wp-json\/wp\/v2\/pages"}],"about":[{"href":"https:\/\/www.mrt-bad-vilbel.de\/en\/wp-json\/wp\/v2\/types\/page"}],"author":[{"embeddable":true,"href":"https:\/\/www.mrt-bad-vilbel.de\/en\/wp-json\/wp\/v2\/users\/1"}],"replies":[{"embeddable":true,"href":"https:\/\/www.mrt-bad-vilbel.de\/en\/wp-json\/wp\/v2\/comments?post=1090"}],"version-history":[{"count":6,"href":"https:\/\/www.mrt-bad-vilbel.de\/en\/wp-json\/wp\/v2\/pages\/1090\/revisions"}],"predecessor-version":[{"id":1112,"href":"https:\/\/www.mrt-bad-vilbel.de\/en\/wp-json\/wp\/v2\/pages\/1090\/revisions\/1112"}],"wp:attachment":[{"href":"https:\/\/www.mrt-bad-vilbel.de\/en\/wp-json\/wp\/v2\/media?parent=1090"}],"curies":[{"name":"wp","href":"https:\/\/api.w.org\/{rel}","templated":true}]}}